{"id":15697,"date":"2025-05-04T08:27:44","date_gmt":"2025-05-04T08:27:44","guid":{"rendered":"https:\/\/nuimincoffee.com\/?post_type=product&#038;p=15697"},"modified":"2025-05-04T08:27:44","modified_gmt":"2025-05-04T08:27:44","slug":"may-pha-ca-phe-casadio","status":"publish","type":"product","link":"https:\/\/nuimincoffee.com\/en\/product\/may-pha-ca-phe-casadio\/","title":{"rendered":"M\u00e1y pha c\u00e0 ph\u00ea Casadio"},"content":{"rendered":"","protected":false},"excerpt":{"rendered":"","protected":false},"featured_media":15691,"comment_status":"open","ping_status":"closed","template":"","meta":{"_monsterinsights_skip_tracking":false,"_monsterinsights_sitenote_active":false,"_monsterinsights_sitenote_note":"","_monsterinsights_sitenote_category":0},"product_brand":[],"product_cat":[38],"product_tag":[],"class_list":{"0":"post-15697","1":"product","2":"type-product","3":"status-publish","4":"has-post-thumbnail","6":"product_cat-may-pha-ca-phe-y","8":"first","9":"instock","10":"shipping-taxable","11":"product-type-simple"},"aioseo_notices":[],"_links":{"self":[{"href":"https:\/\/nuimincoffee.com\/en\/wp-json\/wp\/v2\/product\/15697","targetHints":{"allow":["GET"]}}],"collection":[{"href":"https:\/\/nuimincoffee.com\/en\/wp-json\/wp\/v2\/product"}],"about":[{"href":"https:\/\/nuimincoffee.com\/en\/wp-json\/wp\/v2\/types\/product"}],"replies":[{"embeddable":true,"href":"https:\/\/nuimincoffee.com\/en\/wp-json\/wp\/v2\/comments?post=15697"}],"version-history":[{"count":1,"href":"https:\/\/nuimincoffee.com\/en\/wp-json\/wp\/v2\/product\/15697\/revisions"}],"predecessor-version":[{"id":15698,"href":"https:\/\/nuimincoffee.com\/en\/wp-json\/wp\/v2\/product\/15697\/revisions\/15698"}],"wp:featuredmedia":[{"embeddable":true,"href":"https:\/\/nuimincoffee.com\/en\/wp-json\/wp\/v2\/media\/15691"}],"wp:attachment":[{"href":"https:\/\/nuimincoffee.com\/en\/wp-json\/wp\/v2\/media?parent=15697"}],"wp:term":[{"taxonomy":"product_brand","embeddable":true,"href":"https:\/\/nuimincoffee.com\/en\/wp-json\/wp\/v2\/product_brand?post=15697"},{"taxonomy":"product_cat","embeddable":true,"href":"https:\/\/nuimincoffee.com\/en\/wp-json\/wp\/v2\/product_cat?post=15697"},{"taxonomy":"product_tag","embeddable":true,"href":"https:\/\/nuimincoffee.com\/en\/wp-json\/wp\/v2\/product_tag?post=15697"}],"curies":[{"name":"wp","href":"https:\/\/api.w.org\/{rel}","templated":true}]}}