{"id":16987,"date":"2025-11-09T16:26:41","date_gmt":"2025-11-09T16:26:41","guid":{"rendered":"https:\/\/nuimincoffee.com\/?post_type=product&#038;p=16987"},"modified":"2025-11-09T16:26:41","modified_gmt":"2025-11-09T16:26:41","slug":"cafe-sua-da-270-gram-dung-2-3-muong-cafe-16-gram-pha-nuoc-am","status":"publish","type":"product","link":"https:\/\/nuimincoffee.com\/en\/product\/cafe-sua-da-270-gram-dung-2-3-muong-cafe-16-gram-pha-nuoc-am\/","title":{"rendered":"Cafe s\u1eefa \u0111\u00e1, 270 gram, d\u00f9ng 2-3 mu\u1ed7ng cafe (16 gram) pha n\u01b0\u1edbc \u1ea5m"},"content":{"rendered":"","protected":false},"excerpt":{"rendered":"","protected":false},"featured_media":16988,"comment_status":"open","ping_status":"closed","template":"","meta":{"_monsterinsights_skip_tracking":false,"_monsterinsights_sitenote_active":false,"_monsterinsights_sitenote_note":"","_monsterinsights_sitenote_category":0},"product_brand":[],"product_cat":[28,74],"product_tag":[],"class_list":{"0":"post-16987","1":"product","2":"type-product","3":"status-publish","4":"has-post-thumbnail","6":"product_cat-ca-phe-tui","7":"product_cat-san-pham-ban-chay","9":"first","10":"instock","11":"shipping-taxable","12":"purchasable","13":"product-type-simple"},"aioseo_notices":[],"_links":{"self":[{"href":"https:\/\/nuimincoffee.com\/en\/wp-json\/wp\/v2\/product\/16987","targetHints":{"allow":["GET"]}}],"collection":[{"href":"https:\/\/nuimincoffee.com\/en\/wp-json\/wp\/v2\/product"}],"about":[{"href":"https:\/\/nuimincoffee.com\/en\/wp-json\/wp\/v2\/types\/product"}],"replies":[{"embeddable":true,"href":"https:\/\/nuimincoffee.com\/en\/wp-json\/wp\/v2\/comments?post=16987"}],"version-history":[{"count":1,"href":"https:\/\/nuimincoffee.com\/en\/wp-json\/wp\/v2\/product\/16987\/revisions"}],"predecessor-version":[{"id":16992,"href":"https:\/\/nuimincoffee.com\/en\/wp-json\/wp\/v2\/product\/16987\/revisions\/16992"}],"wp:featuredmedia":[{"embeddable":true,"href":"https:\/\/nuimincoffee.com\/en\/wp-json\/wp\/v2\/media\/16988"}],"wp:attachment":[{"href":"https:\/\/nuimincoffee.com\/en\/wp-json\/wp\/v2\/media?parent=16987"}],"wp:term":[{"taxonomy":"product_brand","embeddable":true,"href":"https:\/\/nuimincoffee.com\/en\/wp-json\/wp\/v2\/product_brand?post=16987"},{"taxonomy":"product_cat","embeddable":true,"href":"https:\/\/nuimincoffee.com\/en\/wp-json\/wp\/v2\/product_cat?post=16987"},{"taxonomy":"product_tag","embeddable":true,"href":"https:\/\/nuimincoffee.com\/en\/wp-json\/wp\/v2\/product_tag?post=16987"}],"curies":[{"name":"wp","href":"https:\/\/api.w.org\/{rel}","templated":true}]}}